{"id":6367,"date":"2024-11-26T14:05:30","date_gmt":"2024-11-26T14:05:30","guid":{"rendered":"https:\/\/www.caseiecosystem.com\/?page_id=6367"},"modified":"2024-12-04T15:04:40","modified_gmt":"2024-12-04T15:04:40","slug":"noise-barriers","status":"publish","type":"page","link":"https:\/\/www.caseiecosystem.com\/en\/noise-barriers\/","title":{"rendered":"Noise barriers"},"content":{"rendered":"<div class=\"fusion-fullwidth fullwidth-box fusion-builder-row-1 fusion-flex-container has-pattern-background has-mask-background nonhundred-percent-fullwidth non-hundred-percent-height-scrolling\" style=\"--awb-border-radius-top-left:0px;--awb-border-radius-top-right:0px;--awb-border-radius-bottom-right:0px;--awb-border-radius-bottom-left:0px;--awb-flex-wrap:wrap;\" ><div class=\"fusion-builder-row fusion-row fusion-flex-align-items-flex-start fusion-flex-content-wrap\" style=\"max-width:calc( 1200px + 80px );margin-left: calc(-80px \/ 2 );margin-right: calc(-80px \/ 2 );\"><div class=\"fusion-layout-column fusion_builder_column fusion-builder-column-0 fusion_builder_column_1_1 1_1 fusion-flex-column\" style=\"--awb-bg-size:cover;--awb-width-large:100%;--awb-margin-top-large:0px;--awb-spacing-right-large:40px;--awb-margin-bottom-large:20px;--awb-spacing-left-large:40px;--awb-width-medium:100%;--awb-order-medium:0;--awb-spacing-right-medium:40px;--awb-spacing-left-medium:40px;--awb-width-small:100%;--awb-order-small:0;--awb-spacing-right-small:40px;--awb-spacing-left-small:40px;\"><div class=\"fusion-column-wrapper fusion-column-has-shadow fusion-flex-justify-content-flex-start fusion-content-layout-column\"><div class=\"fusion-builder-row fusion-builder-row-inner fusion-row fusion-flex-align-items-flex-start fusion-flex-content-wrap\" style=\"width:calc( 100% + 80px ) !important;max-width:calc( 100% + 80px ) !important;margin-left: calc(-80px \/ 2 );margin-right: calc(-80px \/ 2 );\"><div class=\"fusion-layout-column fusion_builder_column_inner fusion-builder-nested-column-0 fusion-flex-column fusion-flex-align-self-stretch\" style=\"--awb-padding-top:36px;--awb-padding-right:36px;--awb-padding-bottom:36px;--awb-padding-left:36px;--awb-bg-color:var(--awb-color5);--awb-bg-color-hover:var(--awb-color5);--awb-bg-size:cover;--awb-width-large:35%;--awb-margin-top-large:0px;--awb-spacing-right-large:0px;--awb-margin-bottom-large:0px;--awb-spacing-left-large:0px;--awb-width-medium:50%;--awb-order-medium:0;--awb-spacing-right-medium:0px;--awb-spacing-left-medium:0px;--awb-width-small:100%;--awb-order-small:0;--awb-spacing-right-small:40px;--awb-spacing-left-small:40px;\" data-scroll-devices=\"small-visibility,medium-visibility,large-visibility\"><div class=\"fusion-column-wrapper fusion-column-has-shadow fusion-flex-justify-content-space-between fusion-content-layout-column\"><div class=\"fusion-title title fusion-title-1 fusion-sep-none fusion-title-text fusion-title-size-div\" style=\"--awb-text-color:#2b3d30;--awb-margin-bottom:5px;--awb-font-size:13px;\"><div class=\"fusion-title-heading title-heading-left title-heading-tag\" style=\"font-family:&quot;Work Sans&quot;;font-style:normal;font-weight:500;margin:0;letter-spacing:1px;text-transform:uppercase;font-size:1em;line-height:18px;\">CHOOSE YOURS:<\/div><\/div><div class=\"fusion-title title fusion-title-2 fusion-sep-none fusion-title-text fusion-title-size-one\" style=\"--awb-text-color:#2b3d30;--awb-margin-bottom-small:32px;--awb-font-size:36px;\"><h1 class=\"fusion-title-heading title-heading-left\" style=\"margin:0;letter-spacing:-0.065rem;text-transform:var(--awb-typography1-text-transform);font-size:1em;\">Noise barrier<\/h1><\/div><div class=\"fusion-text fusion-text-1\" style=\"--awb-font-size:18px;--awb-line-height:1.5em;--awb-letter-spacing:-0.006em;--awb-text-transform:var(--awb-typography4-text-transform);--awb-text-color:#2b3d30;\"><p style=\"text-align: justify;\">Le <strong>barriere antirumore <\/strong>realizzate utilizzando <strong>gomma riciclata<\/strong> rappresentano la soluzione ideale per ridurre l&#8217;inquinamento acustico, garantendo al contempo sostenibilit\u00e0 e rispetto per l&#8217;ambiente. Progettate per strade, autostrade, aree urbane e contesti industriali, offrono eccellenti prestazioni fonoassorbenti e durabilit\u00e0 nel tempo. I nostri prodotti certificati combinano qualit\u00e0, versatilit\u00e0 e innovazione per soddisfare ogni esigenza.<\/p>\n<\/div><div class=\"fusion-separator fusion-no-small-visibility fusion-full-width-sep\" style=\"align-self: center;margin-left: auto;margin-right: auto;margin-top:100px;margin-bottom:100px;width:100%;\"><div class=\"fusion-separator-border sep-double\" style=\"--awb-height:20px;--awb-amount:20px;border-color:var(--awb-color3);border-top-width:0px;border-bottom-width:0px;\"><\/div><\/div><\/div><\/div><div class=\"fusion-layout-column fusion_builder_column_inner fusion-builder-nested-column-1 fusion-flex-column fusion-flex-align-self-stretch\" style=\"--awb-padding-top-small:100px;--awb-padding-bottom-small:100px;--awb-bg-position:center center;--awb-bg-size:cover;--awb-width-large:65%;--awb-margin-top-large:0px;--awb-spacing-right-large:0px;--awb-margin-bottom-large:0px;--awb-spacing-left-large:0px;--awb-width-medium:50%;--awb-order-medium:0;--awb-spacing-right-medium:0px;--awb-spacing-left-medium:0px;--awb-width-small:100%;--awb-order-small:0;--awb-spacing-right-small:40px;--awb-spacing-left-small:40px;\" data-scroll-devices=\"small-visibility,medium-visibility,large-visibility\"><div class=\"fusion-column-wrapper lazyload fusion-column-has-shadow fusion-flex-justify-content-flex-start fusion-content-layout-column fusion-empty-column-bg-image fusion-column-has-bg-image\" data-bg-url=\"https:\/\/caseiecosystem.com\/wp-content\/uploads\/2024\/11\/Barriera-antirumore.jpg\" data-bg=\"https:\/\/caseiecosystem.com\/wp-content\/uploads\/2024\/11\/Barriera-antirumore.jpg\"><img decoding=\"async\" class=\"fusion-empty-dims-img-placeholder\" aria-label=\"Barriera antirumore\" src=\"data:image\/svg+xml,%3Csvg%20xmlns%3D%27http%3A%2F%2Fwww.w3.org%2F2000%2Fsvg%27%20width%3D%27960%27%20height%3D%27540%27%20viewBox%3D%270%200%20960%20540%27%3E%3Crect%20width%3D%27960%27%20height%3D%27540%27%20fill-opacity%3D%220%22%2F%3E%3C%2Fsvg%3E\"><\/div><\/div><\/div><div class=\"fusion-post-cards fusion-post-cards-1 fusion-grid-archive fusion-grid-columns-4\" style=\"--awb-arrow-size:18px;--awb-arrow-box-width:50px;--awb-arrow-box-height:50px;--awb-arrow-bgcolor:#ffffff;--awb-arrow-color:#212326;--awb-arrow-hover-bgcolor:#ffffff;--awb-arrow-hover-color:#141617;--awb-dots-spacing:17px;--awb-column-spacing:25px;--awb-dots-align:center;--awb-active-filter-border-size:3px;--awb-filters-height:36px;--awb-row-spacing:25px;--awb-margin-top:2%;--awb-columns-medium:50%;--awb-columns-small:100%;\"><ul class=\"fusion-grid fusion-grid-4 fusion-flex-align-items-stretch fusion-grid-posts-cards\"><li class=\"fusion-layout-column fusion_builder_column fusion-builder-column-1 fusion-flex-column post-card fusion-grid-column fusion-post-cards-grid-column\" style=\"--awb-padding-top:5%;--awb-padding-bottom:2%;--awb-overflow:hidden;--awb-bg-blend:overlay;--awb-bg-size:cover;--awb-border-color:var(--awb-color4);--awb-border-top:1px;--awb-border-right:1px;--awb-border-bottom:1px;--awb-border-left:1px;--awb-border-style:solid;--awb-border-radius:10px 10px 10px 10px;--awb-flex-grow:0;--awb-flex-shrink:0;--awb-flex-grow-medium:0;--awb-flex-shrink-medium:0;--awb-flex-grow-small:0;--awb-flex-shrink-small:0;\" data-scroll-devices=\"small-visibility,medium-visibility,large-visibility\"><div class=\"fusion-column-wrapper fusion-column-has-shadow fusion-flex-justify-content-flex-start fusion-content-layout-column\"><div class=\"fusion-image-element \" style=\"text-align:center;--awb-max-width:80%;--awb-caption-title-font-family:var(--h2_typography-font-family);--awb-caption-title-font-weight:var(--h2_typography-font-weight);--awb-caption-title-font-style:var(--h2_typography-font-style);--awb-caption-title-size:var(--h2_typography-font-size);--awb-caption-title-transform:var(--h2_typography-text-transform);--awb-caption-title-line-height:var(--h2_typography-line-height);--awb-caption-title-letter-spacing:var(--h2_typography-letter-spacing);\"><span class=\" fusion-imageframe imageframe-none imageframe-1 hover-type-zoomin\"><img decoding=\"async\" width=\"540\" height=\"540\" title=\"ECO-QUIET TUBE-barriera antirumore\" src=\"https:\/\/www.caseiecosystem.com\/wp-content\/uploads\/2024\/11\/ECO-QUIET-TUBE-barriera-antirumore.jpg\" data-orig-src=\"https:\/\/www.caseiecosystem.com\/wp-content\/uploads\/2024\/11\/ECO-QUIET-TUBE-barriera-antirumore.jpg\" alt class=\"lazyload img-responsive wp-image-6302\" srcset=\"data:image\/svg+xml,%3Csvg%20xmlns%3D%27http%3A%2F%2Fwww.w3.org%2F2000%2Fsvg%27%20width%3D%27540%27%20height%3D%27540%27%20viewBox%3D%270%200%20540%20540%27%3E%3Crect%20width%3D%27540%27%20height%3D%27540%27%20fill-opacity%3D%220%22%2F%3E%3C%2Fsvg%3E\" data-srcset=\"https:\/\/www.caseiecosystem.com\/wp-content\/uploads\/2024\/11\/ECO-QUIET-TUBE-barriera-antirumore-200x200.jpg 200w, https:\/\/www.caseiecosystem.com\/wp-content\/uploads\/2024\/11\/ECO-QUIET-TUBE-barriera-antirumore-400x400.jpg 400w, https:\/\/www.caseiecosystem.com\/wp-content\/uploads\/2024\/11\/ECO-QUIET-TUBE-barriera-antirumore.jpg 540w\" data-sizes=\"auto\" data-orig-sizes=\"(max-width: 640px) 100vw, 540px\" \/><\/span><\/div><div class=\"fusion-separator\" style=\"align-self: center;margin-left: auto;margin-right: auto;width:100%;max-width:70%;\"><div class=\"fusion-separator-border sep-single sep-solid\" style=\"--awb-height:20px;--awb-amount:20px;border-color:var(--awb-color3);border-top-width:1px;\"><\/div><\/div><div class=\"fusion-title title fusion-title-3 fusion-sep-none fusion-title-center fusion-title-text fusion-title-size-three\" style=\"--awb-text-color:var(--awb-color8);--awb-margin-right:1%;--awb-margin-left:1%;--awb-font-size:18px;\"><h3 class=\"fusion-title-heading title-heading-center\" style=\"margin:0;text-transform:none;font-size:1em;\"><\/h3><\/div><div style=\"text-align:center;\"><a class=\"fusion-button button-flat fusion-button-default-size button-custom fusion-button-default button-1 fusion-button-default-span fusion-button-default-type fusion-has-button-gradient\" style=\"--button_accent_color:var(--awb-color1);--button_accent_hover_color:var(--awb-color1);--button_border_hover_color:var(--awb-color4);--button_gradient_top_color:var(--awb-color5);--button_gradient_bottom_color:var(--awb-color4);--button_gradient_top_color_hover:var(--awb-color8);--button_gradient_bottom_color_hover:var(--awb-color8);--button_margin-top:5%;\" target=\"_self\" href=\"https:\/\/www.caseiecosystem.com\/en\/catalog-products\/eco-quiet-tube\/\"><span class=\"fusion-button-text awb-button__text awb-button__text--default\">ECO-QUIET TUBE<\/span><\/a><\/div><\/div><\/li>\n<\/ul><div class=\"pagination clearfix\"><\/div><div class=\"fusion-clearfix\"><\/div><\/div><div class=\"fusion-text fusion-text-2\"><h2>Barriere Antirumore ecosostenibili<\/h2>\n<p style=\"text-align: justify;\">Le <strong>barriere antirumore <span style=\"color: #5b89b5;\">ECO-<\/span><span style=\"color: #e45d0f;\">QUIET TUBE<\/span><\/strong>\u00a0di <strong><span style=\"color: #9bb7d4;\">CASEI<\/span> <span style=\"color: #5b89b5;\">ECO-SYSTEM<\/span><\/strong> rappresentano una soluzione innovativa ed eco-sostenibile per la riduzione dell&#8217;inquinamento acustico in aree urbane, strade, autostrade e zone industriali. Grazie all\u2019utilizzo di <strong>granulo di gomma proveniente da pneumatici a fine vita<\/strong> come <strong>materiale fonoassorbente all\u2019interno della struttura<\/strong>, queste barriere si distinguono per l\u2019alto contenuto di materiale riciclato e promuovono un modello di produzione circolare. Questo materiale garantisce eccellenti prestazioni acustiche, stabilit\u00e0 e durabilit\u00e0 nel tempo.<\/p>\n<p style=\"text-align: justify;\">Progettate per offrire massima versatilit\u00e0, le barriere <strong><span style=\"color: #5b89b5;\">ECO-<\/span><span style=\"color: #e45d0f;\">QUIET TUBE<\/span><\/strong> possono essere installate con <strong>moduli orizzontali o verticali<\/strong>, adattandosi perfettamente a ogni contesto e necessit\u00e0. La loro struttura modulare ne facilita il montaggio e l\u2019adattamento a progetti di diversa scala.<\/p>\n<p style=\"text-align: justify;\">Le propriet\u00e0 fonoassorbenti del granulo di gomma assicurano un\u2019efficace riduzione del rumore, migliorando la qualit\u00e0 della vita nei pressi di strade trafficate, aree industriali o residenziali. Inoltre, le <strong>certificazioni di qualit\u00e0<\/strong> ottenute garantiscono conformit\u00e0 alle normative e affidabilit\u00e0 del prodotto.<\/p>\n<p style=\"text-align: justify;\">Le barriere antirumore <strong><span style=\"color: #5b89b5;\">ECO-<\/span><span style=\"color: #e45d0f;\">QUIET TUBE<\/span><\/strong> di <strong><span style=\"color: #9bb7d4;\">CASEI<\/span> <span style=\"color: #5b89b5;\">ECO-SYSTEM<\/span><\/strong>\u00a0offrono una combinazione unica di sostenibilit\u00e0, qualit\u00e0 e prestazioni, rappresentando un investimento affidabile e durevole. Scegli una soluzione che unisce innovazione e rispetto per l\u2019ambiente, contribuendo a ridurre l\u2019impatto acustico in modo efficace e responsabile.<\/p>\n<\/div><\/div><\/div><\/div><\/div>\n","protected":false},"excerpt":{"rendered":"","protected":false},"author":1,"featured_media":0,"parent":0,"menu_order":0,"comment_status":"closed","ping_status":"closed","template":"","meta":{"footnotes":""},"class_list":["post-6367","page","type-page","status-publish","hentry"],"yoast_head":"<!-- This site is optimized with the Yoast SEO plugin v26.5 - https:\/\/yoast.com\/wordpress\/plugins\/seo\/ -->\n<title>Noise barriers - Casei Eco-System<\/title>\n<meta name=\"description\" content=\"Eco-friendly noise barriers. SBR rubber made from end-of-life tyres offers durability and noise reduction.\" \/>\n<meta name=\"robots\" content=\"index, follow, max-snippet:-1, max-image-preview:large, max-video-preview:-1\" \/>\n<link rel=\"canonical\" href=\"https:\/\/www.caseiecosystem.com\/en\/noise-barriers\/\" \/>\n<meta property=\"og:locale\" content=\"en_US\" \/>\n<meta property=\"og:type\" content=\"article\" \/>\n<meta property=\"og:title\" content=\"Noise barriers - Casei Eco-System\" \/>\n<meta property=\"og:description\" content=\"Eco-friendly noise barriers. SBR rubber made from end-of-life tyres offers durability and noise reduction.\" \/>\n<meta property=\"og:url\" content=\"https:\/\/www.caseiecosystem.com\/en\/noise-barriers\/\" \/>\n<meta property=\"og:site_name\" content=\"Casei Eco-System\" \/>\n<meta property=\"article:publisher\" content=\"https:\/\/www.linkedin.com\/company\/casei-eco-system-srl\" \/>\n<meta property=\"article:modified_time\" content=\"2024-12-04T15:04:40+00:00\" \/>\n<meta name=\"twitter:card\" content=\"summary_large_image\" \/>\n<meta name=\"twitter:label1\" content=\"Est. reading time\" \/>\n\t<meta name=\"twitter:data1\" content=\"2 minutes\" \/>\n<script type=\"application\/ld+json\" class=\"yoast-schema-graph\">{\"@context\":\"https:\/\/schema.org\",\"@graph\":[{\"@type\":\"WebPage\",\"@id\":\"https:\/\/www.caseiecosystem.com\/en\/noise-barriers\/\",\"url\":\"https:\/\/www.caseiecosystem.com\/en\/noise-barriers\/\",\"name\":\"Noise barriers - Casei Eco-System\",\"isPartOf\":{\"@id\":\"https:\/\/www.caseiecosystem.com\/en\/#website\"},\"datePublished\":\"2024-11-26T14:05:30+00:00\",\"dateModified\":\"2024-12-04T15:04:40+00:00\",\"description\":\"Eco-friendly noise barriers. SBR rubber made from end-of-life tyres offers durability and noise reduction.\",\"breadcrumb\":{\"@id\":\"https:\/\/www.caseiecosystem.com\/en\/noise-barriers\/#breadcrumb\"},\"inLanguage\":\"en-US\",\"potentialAction\":[{\"@type\":\"ReadAction\",\"target\":[\"https:\/\/www.caseiecosystem.com\/en\/noise-barriers\/\"]}]},{\"@type\":\"BreadcrumbList\",\"@id\":\"https:\/\/www.caseiecosystem.com\/en\/noise-barriers\/#breadcrumb\",\"itemListElement\":[{\"@type\":\"ListItem\",\"position\":1,\"name\":\"Home\",\"item\":\"https:\/\/www.caseiecosystem.com\/en\/home\/\"},{\"@type\":\"ListItem\",\"position\":2,\"name\":\"Noise barriers\"}]},{\"@type\":\"WebSite\",\"@id\":\"https:\/\/www.caseiecosystem.com\/en\/#website\",\"url\":\"https:\/\/www.caseiecosystem.com\/en\/\",\"name\":\"Casei Eco-System\",\"description\":\"Recycled rubber products\",\"publisher\":{\"@id\":\"https:\/\/www.caseiecosystem.com\/en\/#organization\"},\"potentialAction\":[{\"@type\":\"SearchAction\",\"target\":{\"@type\":\"EntryPoint\",\"urlTemplate\":\"https:\/\/www.caseiecosystem.com\/en\/?s={search_term_string}\"},\"query-input\":{\"@type\":\"PropertyValueSpecification\",\"valueRequired\":true,\"valueName\":\"search_term_string\"}}],\"inLanguage\":\"en-US\"},{\"@type\":\"Organization\",\"@id\":\"https:\/\/www.caseiecosystem.com\/en\/#organization\",\"name\":\"Casei Eco-System Ltd.\",\"url\":\"https:\/\/www.caseiecosystem.com\/en\/\",\"logo\":{\"@type\":\"ImageObject\",\"inLanguage\":\"en-US\",\"@id\":\"https:\/\/www.caseiecosystem.com\/en\/#\/schema\/logo\/image\/\",\"url\":\"https:\/\/www.caseiecosystem.com\/wp-content\/uploads\/2024\/04\/CASEI-ECO-SYSTEM-LOGO-350.png\",\"contentUrl\":\"https:\/\/www.caseiecosystem.com\/wp-content\/uploads\/2024\/04\/CASEI-ECO-SYSTEM-LOGO-350.png\",\"width\":350,\"height\":71,\"caption\":\"Casei Eco-System Ltd.\"},\"image\":{\"@id\":\"https:\/\/www.caseiecosystem.com\/en\/#\/schema\/logo\/image\/\"},\"sameAs\":[\"https:\/\/www.linkedin.com\/company\/casei-eco-system-srl\"]}]}<\/script>\n<!-- \/ Yoast SEO plugin. -->","yoast_head_json":{"title":"Noise barriers - Casei Eco-System","description":"Eco-friendly noise barriers. SBR rubber made from end-of-life tyres offers durability and noise reduction.","robots":{"index":"index","follow":"follow","max-snippet":"max-snippet:-1","max-image-preview":"max-image-preview:large","max-video-preview":"max-video-preview:-1"},"canonical":"https:\/\/www.caseiecosystem.com\/en\/noise-barriers\/","og_locale":"en_US","og_type":"article","og_title":"Noise barriers - Casei Eco-System","og_description":"Eco-friendly noise barriers. SBR rubber made from end-of-life tyres offers durability and noise reduction.","og_url":"https:\/\/www.caseiecosystem.com\/en\/noise-barriers\/","og_site_name":"Casei Eco-System","article_publisher":"https:\/\/www.linkedin.com\/company\/casei-eco-system-srl","article_modified_time":"2024-12-04T15:04:40+00:00","twitter_card":"summary_large_image","twitter_misc":{"Est. reading time":"2 minutes"},"schema":{"@context":"https:\/\/schema.org","@graph":[{"@type":"WebPage","@id":"https:\/\/www.caseiecosystem.com\/en\/noise-barriers\/","url":"https:\/\/www.caseiecosystem.com\/en\/noise-barriers\/","name":"Noise barriers - Casei Eco-System","isPartOf":{"@id":"https:\/\/www.caseiecosystem.com\/en\/#website"},"datePublished":"2024-11-26T14:05:30+00:00","dateModified":"2024-12-04T15:04:40+00:00","description":"Eco-friendly noise barriers. SBR rubber made from end-of-life tyres offers durability and noise reduction.","breadcrumb":{"@id":"https:\/\/www.caseiecosystem.com\/en\/noise-barriers\/#breadcrumb"},"inLanguage":"en-US","potentialAction":[{"@type":"ReadAction","target":["https:\/\/www.caseiecosystem.com\/en\/noise-barriers\/"]}]},{"@type":"BreadcrumbList","@id":"https:\/\/www.caseiecosystem.com\/en\/noise-barriers\/#breadcrumb","itemListElement":[{"@type":"ListItem","position":1,"name":"Home","item":"https:\/\/www.caseiecosystem.com\/en\/home\/"},{"@type":"ListItem","position":2,"name":"Noise barriers"}]},{"@type":"WebSite","@id":"https:\/\/www.caseiecosystem.com\/en\/#website","url":"https:\/\/www.caseiecosystem.com\/en\/","name":"Casei Eco-System","description":"Recycled rubber products","publisher":{"@id":"https:\/\/www.caseiecosystem.com\/en\/#organization"},"potentialAction":[{"@type":"SearchAction","target":{"@type":"EntryPoint","urlTemplate":"https:\/\/www.caseiecosystem.com\/en\/?s={search_term_string}"},"query-input":{"@type":"PropertyValueSpecification","valueRequired":true,"valueName":"search_term_string"}}],"inLanguage":"en-US"},{"@type":"Organization","@id":"https:\/\/www.caseiecosystem.com\/en\/#organization","name":"Casei Eco-System Ltd.","url":"https:\/\/www.caseiecosystem.com\/en\/","logo":{"@type":"ImageObject","inLanguage":"en-US","@id":"https:\/\/www.caseiecosystem.com\/en\/#\/schema\/logo\/image\/","url":"https:\/\/www.caseiecosystem.com\/wp-content\/uploads\/2024\/04\/CASEI-ECO-SYSTEM-LOGO-350.png","contentUrl":"https:\/\/www.caseiecosystem.com\/wp-content\/uploads\/2024\/04\/CASEI-ECO-SYSTEM-LOGO-350.png","width":350,"height":71,"caption":"Casei Eco-System Ltd."},"image":{"@id":"https:\/\/www.caseiecosystem.com\/en\/#\/schema\/logo\/image\/"},"sameAs":["https:\/\/www.linkedin.com\/company\/casei-eco-system-srl"]}]}},"_links":{"self":[{"href":"https:\/\/www.caseiecosystem.com\/en\/wp-json\/wp\/v2\/pages\/6367","targetHints":{"allow":["GET"]}}],"collection":[{"href":"https:\/\/www.caseiecosystem.com\/en\/wp-json\/wp\/v2\/pages"}],"about":[{"href":"https:\/\/www.caseiecosystem.com\/en\/wp-json\/wp\/v2\/types\/page"}],"author":[{"embeddable":true,"href":"https:\/\/www.caseiecosystem.com\/en\/wp-json\/wp\/v2\/users\/1"}],"replies":[{"embeddable":true,"href":"https:\/\/www.caseiecosystem.com\/en\/wp-json\/wp\/v2\/comments?post=6367"}],"version-history":[{"count":0,"href":"https:\/\/www.caseiecosystem.com\/en\/wp-json\/wp\/v2\/pages\/6367\/revisions"}],"wp:attachment":[{"href":"https:\/\/www.caseiecosystem.com\/en\/wp-json\/wp\/v2\/media?parent=6367"}],"curies":[{"name":"wp","href":"https:\/\/api.w.org\/{rel}","templated":true}]}}